{"id":1653,"date":"2020-03-13T09:23:10","date_gmt":"2020-03-13T09:23:10","guid":{"rendered":"https:\/\/nohproduction.eu\/?page_id=1653"},"modified":"2025-02-07T09:05:06","modified_gmt":"2025-02-07T09:05:06","slug":"about","status":"publish","type":"page","link":"https:\/\/nohproduction.eu\/de\/about\/","title":{"rendered":"\u00dcber uns"},"content":{"rendered":"<p>[vc_row use_container=&#8220;yes&#8220;][vc_column][vc_row_inner][vc_column_inner width=&#8220;1\/2&#8243; css=&#8220;.vc_custom_1584386870748{margin-top: 40px !important;}&#8220;][ts_text_content_block text_content=&#8220;<\/p>\n<h5><b>WOHER KOMMEN WIR?<\/b><\/h5>\n<p>NOH Production wurde urspr\u00fcnglich im Jahr 2016 gegr\u00fcndet, und die Reise beschleunigte sich im Jahr 2020, als sich zwei erfahrene und leistungsstarke Marketingstrategen, Birgit Karus und Mervi Pirhonen, unter dem Tochterunternehmen NOH Partners zusammenschlossen. Heute freuen wir uns, 12 Experten f\u00fcr Marketingstrategie, Social-Media-Inhalte, bezahlte Werbungen, Foto- und Videografie, Design und Einzelhandelsmarketing zu vertreten.&#8220;][\/vc_column_inner][vc_column_inner width=&#8220;1\/2&#8243; css=&#8220;.vc_custom_1584386876228{margin-top: 40px !important;}&#8220;][ts_text_content_block text_content=&#8220;<\/p>\n<h5><b>WAS MACHEN WIR?<\/b><\/h5>\n<p>NOH Production bietet Marketingdienstleistungen an, die unseren Kunden echte und monetarisierbare Ergebnisse durch kreative Digital- und Einzelhandelskampagnen bringen. Unsere Kernkompetenzen liegen in der sozialen Medienkommunikation, kreativen Kampagnen und digitalen Verkaufstrichtern \/ bezahlten Werbungen. Wir k\u00f6nnen Dienstleistungen auf allen f\u00fcnf f\u00fchrenden digitalen Plattformen anbieten: Facebook, Instagram, Tiktok, LinkedIn und Google.&#8220;][\/vc_column_inner][\/vc_row_inner][\/vc_column][\/vc_row][vc_row data_color=&#8220;dark&#8220; use_container=&#8220;yes&#8220;][vc_column el_id=&#8220;our-services-section&#8220;][ts_section_title tagline=&#8220;Wir revitalisieren Marken und bringen unseren Kunden echte und monetarisierbare Ergebnisse durch kreative Digital- und Einzelhandelskampagnen.&#8220; title=&#8220;UNSERE DIENTSLEISTUNGEN&#8220; position=&#8220;center&#8220;][vc_row_inner][vc_column_inner width=&#8220;1\/2&#8243; offset=&#8220;vc_col-md-3 vc_col-xs-6&#8243;][ts_icon_content_block index=&#8220;01&#8243; title=&#8220;Digital Marketing Audit&#8220; icon=&#8220;353&#8243;][\/vc_column_inner][vc_column_inner width=&#8220;1\/2&#8243; offset=&#8220;vc_col-md-3 vc_col-xs-6&#8243;][ts_icon_content_block index=&#8220;02&#8243; title=&#8220;Bezahlte Werbung&#8220; icon=&#8220;356&#8243;][\/vc_column_inner][vc_column_inner width=&#8220;1\/2&#8243; offset=&#8220;vc_col-md-3 vc_col-xs-6&#8243;][ts_icon_content_block index=&#8220;03&#8243; title=&#8220;Social Media Management: Facebook, Instagram, TikTok, LindkedIn&#8220; icon=&#8220;357&#8243;][\/vc_column_inner][vc_column_inner width=&#8220;1\/2&#8243; offset=&#8220;vc_col-md-3 vc_col-xs-6&#8243;][ts_icon_content_block index=&#8220;04&#8243; title=&#8220;Parasoziale Beziehungen&#8220; icon=&#8220;358&#8243;][\/vc_column_inner][\/vc_row_inner][vc_row_inner][vc_column_inner width=&#8220;1\/2&#8243; offset=&#8220;vc_col-md-3 vc_col-xs-6&#8243;][ts_icon_content_block index=&#8220;05&#8243; title=&#8220;E-Mail-Marketing &amp; Automatisierung&#8220; icon=&#8220;354&#8243;][\/vc_column_inner][vc_column_inner width=&#8220;1\/2&#8243; offset=&#8220;vc_col-md-3 vc_col-xs-6&#8243;][ts_icon_content_block index=&#8220;06&#8243; title=&#8220;PR &amp; Content Marketing&#8220; icon=&#8220;359&#8243;][\/vc_column_inner][vc_column_inner width=&#8220;1\/2&#8243; offset=&#8220;vc_col-md-3 vc_col-xs-6&#8243;][ts_icon_content_block index=&#8220;07&#8243; title=&#8220;Einzelhandelskampagnen &amp; POS-L\u00f6sungen&#8220; icon=&#8220;360&#8243;][\/vc_column_inner][vc_column_inner width=&#8220;1\/2&#8243; offset=&#8220;vc_col-md-3 vc_col-xs-6&#8243;][ts_icon_content_block index=&#8220;08&#8243; title=&#8220;Banner- und Videowerbung&#8220; icon=&#8220;363&#8243;][\/vc_column_inner][\/vc_row_inner][vc_row_inner][vc_column_inner width=&#8220;1\/2&#8243; offset=&#8220;vc_col-md-3 vc_col-xs-6&#8243;][ts_icon_content_block index=&#8220;09&#8243; title=&#8220;Foto- und Videoproduktion&#8220; icon=&#8220;355&#8243;][\/vc_column_inner][vc_column_inner width=&#8220;1\/2&#8243; offset=&#8220;vc_col-md-3 vc_col-xs-6&#8243;][ts_icon_content_block index=&#8220;10&#8243; title=&#8220;Webdesign&#8220; icon=&#8220;361&#8243;][\/vc_column_inner][vc_column_inner width=&#8220;1\/2&#8243; offset=&#8220;vc_col-md-3 vc_col-xs-6&#8243;][ts_icon_content_block index=&#8220;11&#8243; title=&#8220;Branding&#8220; icon=&#8220;362&#8243;][\/vc_column_inner][vc_column_inner width=&#8220;1\/2&#8243; offset=&#8220;vc_col-md-3 vc_col-xs-6&#8243;][ts_icon_content_block index=&#8220;12&#8243; title=&#8220;Kreative Kampagnen&#8220; icon=&#8220;411&#8243;][\/vc_column_inner][\/vc_row_inner][\/vc_column][\/vc_row][vc_row data_color=&#8220;dark&#8220; use_container=&#8220;yes&#8220;][vc_column el_id=&#8220;our-team-section&#8220;][ts_section_title tagline=&#8220;Sehen Sie unser fantastisches Team und unsere Partner, die Ihnen helfen werden, Ihre Gesch\u00e4ftsziele zu erreichen.&#8220; title=&#8220;Treffen Sie unser Team und unsere Partner&#8220;][vc_row_inner][vc_column_inner width=&#8220;1\/2&#8243; offset=&#8220;vc_col-md-3&#8243;][ts_team_members member_name=&#8220;BIRGIT KARUS&#8220; title=&#8220;EXPERTIN F\u00dcR DIGITALES MARKETING UND MARKETINGSTRATEGIE&#8220; member=&#8220;428&#8243;][vc_column_text css_animation=&#8220;none&#8220; el_class=&#8220;field-name&#8220;]Expertenbereiche: Lebensmittel, Immobilien, Musik und Filme, Startups und B2B.[\/vc_column_text][\/vc_column_inner][vc_column_inner width=&#8220;1\/2&#8243; offset=&#8220;vc_col-md-3&#8243;][ts_team_members member_name=&#8220;MERVI PIRHONEN&#8220; title=&#8220;EXPERTIN F\u00dcR MARKENBILDUNG UND KREATIVES MARKETING&#8220; member=&#8220;484&#8243;][vc_column_text el_class=&#8220;field-name&#8220;]Expertenbereiche: Einzelhandel, Gesund- &amp; Sch\u00f6nheit, Pharmazie.[\/vc_column_text][\/vc_column_inner][vc_column_inner width=&#8220;1\/2&#8243; offset=&#8220;vc_col-md-3&#8243;][ts_team_members member_name=&#8220;BRITTA LAUMETS MERILA&#8220; title=&#8220;EXPERTIN F\u00dcR BEZAHLTE WERBUNG UND MODEEINZELHANDEL&#8220; member=&#8220;427&#8243;][vc_column_text el_class=&#8220;field-name&#8220;]Expertenbereiche: Gesund- &amp; Sch\u00f6nheit, Mode, Design.[\/vc_column_text][\/vc_column_inner][vc_column_inner width=&#8220;1\/2&#8243; offset=&#8220;vc_col-md-3&#8243;][ts_team_members member_name=&#8220;EA RIST&#8220; title=&#8220;ART DIRECTOR\/GRAFIKDESIGNER&#8220; member=&#8220;489&#8243;][vc_column_text el_class=&#8220;field-name&#8220;]Expertenbereiche: Grafikdesign und UX\/UI-Experte.[\/vc_column_text][\/vc_column_inner][\/vc_row_inner][vc_row_inner css=&#8220;.vc_custom_1657106517089{padding-top: 40px !important;}&#8220;][vc_column_inner width=&#8220;1\/2&#8243; offset=&#8220;vc_col-md-3&#8243;][ts_team_members member_name=&#8220;KELLI KAJANDU&#8220; title=&#8220;EXPERTIN F\u00dcR SOCIAL-MEDIA-CONTENT UND BEZAHLTE WERBUNG&#8220; member=&#8220;501&#8243;][vc_column_text css_animation=&#8220;none&#8220; el_class=&#8220;field-name&#8220;]Expertenbereiche: Mutter &amp; Baby, Immobilien.[\/vc_column_text][\/vc_column_inner][vc_column_inner width=&#8220;1\/2&#8243; offset=&#8220;vc_col-md-3&#8243;][ts_team_members member_name=&#8220;HERTA MELTS&#8220; title=&#8220;EXPERTIN F\u00dcR SOCIAL-MEDIA-CONTENT UND BEZAHLTE WERBUNG&#8220; member=&#8220;431&#8243;][vc_column_text el_class=&#8220;field-name&#8220;]Expertenbereiche: Unterhaltung, Sch\u00f6nheit &amp; Kosmetik, Veranstaltungen.[\/vc_column_text][\/vc_column_inner][vc_column_inner width=&#8220;1\/2&#8243; offset=&#8220;vc_col-md-3&#8243;][ts_team_members member_name=&#8220;RAILI RIIBERG&#8220; title=&#8220;INTERNATIONALE MARKETINGEXPERTIN, PROJEKTMANAGERIN&#8220; member=&#8220;515&#8243;][vc_column_text el_class=&#8220;field-name&#8220;]Expertenbereiche: B2B, Sport, Haus &amp; Wohnen.[\/vc_column_text][\/vc_column_inner][vc_column_inner width=&#8220;1\/2&#8243; offset=&#8220;vc_col-md-3&#8243;][ts_team_members member_name=&#8220;KAAREL N\u00d5MMIK&#8220; title=&#8220;CREATIVE DIRECTOR \/ PRODUCER&#8220; member=&#8220;2886&#8243;][\/vc_column_inner][\/vc_row_inner][vc_row_inner css=&#8220;.vc_custom_1657106517089{padding-top: 40px !important;}&#8220;][vc_column_inner width=&#8220;1\/2&#8243; offset=&#8220;vc_col-md-3&#8243;][ts_team_members member_name=&#8220;PETRA SUOMINEN&#8220; title=&#8220;FINNISCH SOCIAL-MEDIA-MANAGERIN UND TEXTER, GOOGLE ADS MANAGERIN&#8220; member=&#8220;1268&#8243;][\/vc_column_inner][vc_column_inner width=&#8220;1\/2&#8243; offset=&#8220;vc_col-md-3&#8243;][ts_team_members member_name=&#8220;HERMAN AUS&#8220; title=&#8220;DEVELOPER&#8220; member=&#8220;2858&#8243;][\/vc_column_inner][vc_column_inner width=&#8220;1\/2&#8243; offset=&#8220;vc_col-md-3&#8243;][ts_team_members member_name=&#8220;ENELI RIIM&#8220; title=&#8220;FOTOPRODUKTION&#8220; member=&#8220;433&#8243;][\/vc_column_inner][vc_column_inner width=&#8220;1\/2&#8243; offset=&#8220;vc_col-md-3&#8243;][ts_team_members member_name=&#8220;HANNA ARRAK&#8220; title=&#8220;SOCIAL-MEDIA-KREATOR UND SPEZIALIST F\u00dcR BEZAHLTE WERBUNG&#8220; member=&#8220;1280&#8243;][\/vc_column_inner][\/vc_row_inner][vc_row_inner css=&#8220;.vc_custom_1657106517089{padding-top: 40px !important;}&#8220;][vc_column_inner width=&#8220;1\/2&#8243; offset=&#8220;vc_col-md-3&#8243;][\/vc_column_inner][vc_column_inner width=&#8220;1\/2&#8243; offset=&#8220;vc_col-md-3&#8243;][\/vc_column_inner][vc_column_inner width=&#8220;1\/2&#8243; offset=&#8220;vc_col-md-3&#8243;][\/vc_column_inner][vc_column_inner width=&#8220;1\/2&#8243; offset=&#8220;vc_col-md-3&#8243;][\/vc_column_inner][\/vc_row_inner][\/vc_column][\/vc_row][vc_row use_container=&#8220;yes&#8220; el_class=&#8220;clients-spacing&#8220;][vc_column el_id=&#8220;our-clients-section&#8220;][vc_row_inner][vc_column_inner][ts_section_title tagline=&#8220;Wir freuen uns, zu den Unternehmen unserer Kunden in Baltikum, Finnland, Deutschland und USA beizutragen.&#8220; title=&#8220;AUSGEW\u00c4HLTE KUNDEN&#8220;][\/vc_column_inner][\/vc_row_inner][vc_row_inner][vc_column_inner el_class=&#8220;clients-logo-col&#8220; offset=&#8220;vc_col-md-1\/5&#8243;][ts_client title=&#8220;Image&#8220; link=&#8220;&#8220; logo=&#8220;298&#8243;][ts_client title=&#8220;Image&#8220; link=&#8220;&#8220; logo=&#8220;330&#8243;][ts_client title=&#8220;Image&#8220; link=&#8220;&#8220; logo=&#8220;321&#8243;][ts_client title=&#8220;Image&#8220; link=&#8220;&#8220; logo=&#8220;324&#8243;][\/vc_column_inner][vc_column_inner el_class=&#8220;clients-logo-col&#8220; offset=&#8220;vc_col-md-1\/5&#8243;][ts_client title=&#8220;Image&#8220; link=&#8220;&#8220; logo=&#8220;1352&#8243;][ts_client title=&#8220;Image&#8220; link=&#8220;&#8220; logo=&#8220;333&#8243;][ts_client title=&#8220;Image&#8220; link=&#8220;&#8220; logo=&#8220;328&#8243;][ts_client title=&#8220;Image&#8220; link=&#8220;&#8220; logo=&#8220;327&#8243;][\/vc_column_inner][vc_column_inner el_class=&#8220;clients-logo-col&#8220; offset=&#8220;vc_col-md-1\/5&#8243;][ts_client title=&#8220;Image&#8220; link=&#8220;&#8220; logo=&#8220;331&#8243;][ts_client title=&#8220;Image&#8220; link=&#8220;&#8220; logo=&#8220;336&#8243;][ts_client title=&#8220;Image&#8220; link=&#8220;&#8220; logo=&#8220;329&#8243;][ts_client title=&#8220;Image&#8220; link=&#8220;&#8220; logo=&#8220;337&#8243;][\/vc_column_inner][vc_column_inner el_class=&#8220;clients-logo-col&#8220; offset=&#8220;vc_col-md-1\/5&#8243;][ts_client title=&#8220;Image&#8220; link=&#8220;&#8220; logo=&#8220;338&#8243;][ts_client title=&#8220;Image&#8220; link=&#8220;&#8220; logo=&#8220;332&#8243;][ts_client title=&#8220;Image&#8220; link=&#8220;&#8220; logo=&#8220;320&#8243;][ts_client title=&#8220;Image&#8220; link=&#8220;&#8220; logo=&#8220;322&#8243;][\/vc_column_inner][vc_column_inner el_class=&#8220;clients-logo-col&#8220; offset=&#8220;vc_col-md-1\/5&#8243;][ts_client title=&#8220;Image&#8220; link=&#8220;&#8220; logo=&#8220;340&#8243;][ts_client title=&#8220;Image&#8220; link=&#8220;&#8220; logo=&#8220;342&#8243;][ts_client title=&#8220;Image&#8220; link=&#8220;&#8220; logo=&#8220;335&#8243;][ts_client title=&#8220;Image&#8220; link=&#8220;&#8220; logo=&#8220;326&#8243;][\/vc_column_inner][\/vc_row_inner][\/vc_column][\/vc_row][vc_row data_color=&#8220;dark&#8220; use_container=&#8220;yes&#8220;][vc_column el_id=&#8220;work-with-us-section&#8220;][ts_hire_us has_email=&#8220;yes&#8220; tagline=&#8220;ARBEITEN SIE MIT UNS&#8220; title=&#8220;M\u00f6chten Sie ein professionelles Projekt haben? Lass uns dar\u00fcber sprechen!&#8220; email_address=&#8220;info`{`@`}`nohproduction.eu&#8220;][\/vc_column][\/vc_row]<\/p>\n","protected":false},"excerpt":{"rendered":"<p>[vc_row use_container=&#8220;yes&#8220;][vc_column][vc_row_inner][vc_column_inner width=&#8220;1\/2&#8243; css=&#8220;.vc_custom_1584386870748{margin-top: 40px !important;}&#8220;][ts_text_content_block text_content=&#8220; WOHER KOMMEN WIR? NOH Production wurde urspr\u00fcnglich im Jahr 2016 gegr\u00fcndet, und die Reise beschleunigte sich im Jahr 2020, als sich zwei erfahrene und leistungsstarke Marketingstrategen, Birgit Karus und Mervi Pirhonen, unter dem Tochterunternehmen NOH Partners zusammenschlossen. Heute freuen wir uns, 12 Experten f\u00fcr Marketingstrategie, Social-Media-Inhalte, bezahlte Werbungen, [&hellip;]<\/p>\n","protected":false},"author":2,"featured_media":0,"parent":0,"menu_order":0,"comment_status":"closed","ping_status":"closed","template":"page-builder.php","meta":{"footnotes":""},"class_list":["post-1653","page","type-page","status-publish","hentry"],"acf":[],"yoast_head":"<!-- This site is optimized with the Yoast SEO plugin v23.7 - https:\/\/yoast.com\/wordpress\/plugins\/seo\/ -->\n<title>\u00dcber uns &#8211; NOH Production<\/title>\n<meta name=\"description\" content=\"About us: Creative results-oriented digital marketing agency. We\u2019re constantly looking for inspiring products and projects to work with. Reach out if you have one!\" \/>\n<meta name=\"robots\" content=\"index, follow, max-snippet:-1, max-image-preview:large, max-video-preview:-1\" \/>\n<link rel=\"canonical\" href=\"https:\/\/nohproduction.eu\/de\/about\/\" \/>\n<meta property=\"og:locale\" content=\"de_DE\" \/>\n<meta property=\"og:type\" content=\"article\" \/>\n<meta property=\"og:title\" content=\"\u00dcber uns &#8211; NOH Production\" \/>\n<meta property=\"og:description\" content=\"About us: Creative results-oriented digital marketing agency. We\u2019re constantly looking for inspiring products and projects to work with. Reach out if you have one!\" \/>\n<meta property=\"og:url\" content=\"https:\/\/nohproduction.eu\/de\/about\/\" \/>\n<meta property=\"og:site_name\" content=\"NOH Production\" \/>\n<meta property=\"article:publisher\" content=\"https:\/\/www.facebook.com\/nohnii\" \/>\n<meta property=\"article:modified_time\" content=\"2025-02-07T09:05:06+00:00\" \/>\n<meta name=\"twitter:card\" content=\"summary_large_image\" \/>\n<meta name=\"twitter:label1\" content=\"Gesch\u00e4tzte Lesezeit\" \/>\n\t<meta name=\"twitter:data1\" content=\"12\u00a0Minuten\" \/>\n<script type=\"application\/ld+json\" class=\"yoast-schema-graph\">{\"@context\":\"https:\/\/schema.org\",\"@graph\":[{\"@type\":\"WebPage\",\"@id\":\"https:\/\/nohproduction.eu\/de\/about\/\",\"url\":\"https:\/\/nohproduction.eu\/de\/about\/\",\"name\":\"\u00dcber uns &#8211; NOH Production\",\"isPartOf\":{\"@id\":\"https:\/\/nohproduction.eu\/#website\"},\"datePublished\":\"2020-03-13T09:23:10+00:00\",\"dateModified\":\"2025-02-07T09:05:06+00:00\",\"description\":\"About us: Creative results-oriented digital marketing agency. We\u2019re constantly looking for inspiring products and projects to work with. Reach out if you have one!\",\"breadcrumb\":{\"@id\":\"https:\/\/nohproduction.eu\/de\/about\/#breadcrumb\"},\"inLanguage\":\"de\",\"potentialAction\":[{\"@type\":\"ReadAction\",\"target\":[\"https:\/\/nohproduction.eu\/de\/about\/\"]}]},{\"@type\":\"BreadcrumbList\",\"@id\":\"https:\/\/nohproduction.eu\/de\/about\/#breadcrumb\",\"itemListElement\":[{\"@type\":\"ListItem\",\"position\":1,\"name\":\"Home\",\"item\":\"https:\/\/nohproduction.eu\/de\/\"},{\"@type\":\"ListItem\",\"position\":2,\"name\":\"\u00dcber uns\"}]},{\"@type\":\"WebSite\",\"@id\":\"https:\/\/nohproduction.eu\/#website\",\"url\":\"https:\/\/nohproduction.eu\/\",\"name\":\"NOH Production\",\"description\":\"Creative Digital Agency\",\"publisher\":{\"@id\":\"https:\/\/nohproduction.eu\/#organization\"},\"potentialAction\":[{\"@type\":\"SearchAction\",\"target\":{\"@type\":\"EntryPoint\",\"urlTemplate\":\"https:\/\/nohproduction.eu\/?s={search_term_string}\"},\"query-input\":{\"@type\":\"PropertyValueSpecification\",\"valueRequired\":true,\"valueName\":\"search_term_string\"}}],\"inLanguage\":\"de\"},{\"@type\":\"Organization\",\"@id\":\"https:\/\/nohproduction.eu\/#organization\",\"name\":\"NOH Production O\u00dc\",\"url\":\"https:\/\/nohproduction.eu\/\",\"logo\":{\"@type\":\"ImageObject\",\"inLanguage\":\"de\",\"@id\":\"https:\/\/nohproduction.eu\/#\/schema\/logo\/image\/\",\"url\":\"https:\/\/nohproduction.eu\/wp-content\/uploads\/2022\/07\/NOH-logo-no-bg.png\",\"contentUrl\":\"https:\/\/nohproduction.eu\/wp-content\/uploads\/2022\/07\/NOH-logo-no-bg.png\",\"width\":1001,\"height\":1001,\"caption\":\"NOH Production O\u00dc\"},\"image\":{\"@id\":\"https:\/\/nohproduction.eu\/#\/schema\/logo\/image\/\"},\"sameAs\":[\"https:\/\/www.facebook.com\/nohnii\",\"https:\/\/www.instagram.com\/marketing_in_socialmedia\/\",\"https:\/\/www.linkedin.com\/company\/noh-production\"]}]}<\/script>\n<!-- \/ Yoast SEO plugin. -->","yoast_head_json":{"title":"\u00dcber uns &#8211; NOH Production","description":"About us: Creative results-oriented digital marketing agency. We\u2019re constantly looking for inspiring products and projects to work with. Reach out if you have one!","robots":{"index":"index","follow":"follow","max-snippet":"max-snippet:-1","max-image-preview":"max-image-preview:large","max-video-preview":"max-video-preview:-1"},"canonical":"https:\/\/nohproduction.eu\/de\/about\/","og_locale":"de_DE","og_type":"article","og_title":"\u00dcber uns &#8211; NOH Production","og_description":"About us: Creative results-oriented digital marketing agency. We\u2019re constantly looking for inspiring products and projects to work with. Reach out if you have one!","og_url":"https:\/\/nohproduction.eu\/de\/about\/","og_site_name":"NOH Production","article_publisher":"https:\/\/www.facebook.com\/nohnii","article_modified_time":"2025-02-07T09:05:06+00:00","twitter_card":"summary_large_image","twitter_misc":{"Gesch\u00e4tzte Lesezeit":"12\u00a0Minuten"},"schema":{"@context":"https:\/\/schema.org","@graph":[{"@type":"WebPage","@id":"https:\/\/nohproduction.eu\/de\/about\/","url":"https:\/\/nohproduction.eu\/de\/about\/","name":"\u00dcber uns &#8211; NOH Production","isPartOf":{"@id":"https:\/\/nohproduction.eu\/#website"},"datePublished":"2020-03-13T09:23:10+00:00","dateModified":"2025-02-07T09:05:06+00:00","description":"About us: Creative results-oriented digital marketing agency. We\u2019re constantly looking for inspiring products and projects to work with. Reach out if you have one!","breadcrumb":{"@id":"https:\/\/nohproduction.eu\/de\/about\/#breadcrumb"},"inLanguage":"de","potentialAction":[{"@type":"ReadAction","target":["https:\/\/nohproduction.eu\/de\/about\/"]}]},{"@type":"BreadcrumbList","@id":"https:\/\/nohproduction.eu\/de\/about\/#breadcrumb","itemListElement":[{"@type":"ListItem","position":1,"name":"Home","item":"https:\/\/nohproduction.eu\/de\/"},{"@type":"ListItem","position":2,"name":"\u00dcber uns"}]},{"@type":"WebSite","@id":"https:\/\/nohproduction.eu\/#website","url":"https:\/\/nohproduction.eu\/","name":"NOH Production","description":"Creative Digital Agency","publisher":{"@id":"https:\/\/nohproduction.eu\/#organization"},"potentialAction":[{"@type":"SearchAction","target":{"@type":"EntryPoint","urlTemplate":"https:\/\/nohproduction.eu\/?s={search_term_string}"},"query-input":{"@type":"PropertyValueSpecification","valueRequired":true,"valueName":"search_term_string"}}],"inLanguage":"de"},{"@type":"Organization","@id":"https:\/\/nohproduction.eu\/#organization","name":"NOH Production O\u00dc","url":"https:\/\/nohproduction.eu\/","logo":{"@type":"ImageObject","inLanguage":"de","@id":"https:\/\/nohproduction.eu\/#\/schema\/logo\/image\/","url":"https:\/\/nohproduction.eu\/wp-content\/uploads\/2022\/07\/NOH-logo-no-bg.png","contentUrl":"https:\/\/nohproduction.eu\/wp-content\/uploads\/2022\/07\/NOH-logo-no-bg.png","width":1001,"height":1001,"caption":"NOH Production O\u00dc"},"image":{"@id":"https:\/\/nohproduction.eu\/#\/schema\/logo\/image\/"},"sameAs":["https:\/\/www.facebook.com\/nohnii","https:\/\/www.instagram.com\/marketing_in_socialmedia\/","https:\/\/www.linkedin.com\/company\/noh-production"]}]}},"_links":{"self":[{"href":"https:\/\/nohproduction.eu\/de\/wp-json\/wp\/v2\/pages\/1653","targetHints":{"allow":["GET"]}}],"collection":[{"href":"https:\/\/nohproduction.eu\/de\/wp-json\/wp\/v2\/pages"}],"about":[{"href":"https:\/\/nohproduction.eu\/de\/wp-json\/wp\/v2\/types\/page"}],"author":[{"embeddable":true,"href":"https:\/\/nohproduction.eu\/de\/wp-json\/wp\/v2\/users\/2"}],"replies":[{"embeddable":true,"href":"https:\/\/nohproduction.eu\/de\/wp-json\/wp\/v2\/comments?post=1653"}],"version-history":[{"count":11,"href":"https:\/\/nohproduction.eu\/de\/wp-json\/wp\/v2\/pages\/1653\/revisions"}],"predecessor-version":[{"id":1658,"href":"https:\/\/nohproduction.eu\/de\/wp-json\/wp\/v2\/pages\/1653\/revisions\/1658"}],"wp:attachment":[{"href":"https:\/\/nohproduction.eu\/de\/wp-json\/wp\/v2\/media?parent=1653"}],"curies":[{"name":"wp","href":"https:\/\/api.w.org\/{rel}","templated":true}]}}