{"id":1663,"date":"2022-10-10T23:29:19","date_gmt":"2022-10-10T23:29:19","guid":{"rendered":"https:\/\/nohproduction.eu\/?page_id=1663"},"modified":"2023-10-07T14:21:01","modified_gmt":"2023-10-07T14:21:01","slug":"dienstleistungen","status":"publish","type":"page","link":"https:\/\/nohproduction.eu\/de\/dienstleistungen\/","title":{"rendered":"Dienstleistungen"},"content":{"rendered":"\t\t<div data-elementor-type=\"wp-page\" data-elementor-id=\"1663\" class=\"elementor elementor-1663 elementor-1020\" data-elementor-post-type=\"page\">\n\t\t\t\t\t\t<section class=\"elementor-section elementor-top-section elementor-element elementor-element-692c1ae elementor-section-boxed elementor-section-height-default elementor-section-height-default\" data-id=\"692c1ae\" data-element_type=\"section\">\n\t\t\t\t\t\t<div class=\"elementor-container elementor-column-gap-default\">\n\t\t\t\t\t<div class=\"elementor-column elementor-col-100 elementor-top-column elementor-element elementor-element-fa1cf67\" data-id=\"fa1cf67\" data-element_type=\"column\">\n\t\t\t<div class=\"elementor-widget-wrap elementor-element-populated\">\n\t\t\t\t\t\t<div class=\"elementor-element elementor-element-26bdc80 elementor-widget elementor-widget-heading\" data-id=\"26bdc80\" data-element_type=\"widget\" data-widget_type=\"heading.default\">\n\t\t\t\t<div class=\"elementor-widget-container\">\n\t\t\t<h1 class=\"elementor-heading-title elementor-size-default\">Dienstleistungen<\/h1>\t\t<\/div>\n\t\t\t\t<\/div>\n\t\t\t\t\t<\/div>\n\t\t<\/div>\n\t\t\t\t\t<\/div>\n\t\t<\/section>\n\t\t\t\t<section class=\"elementor-section elementor-top-section elementor-element elementor-element-6b408c3 elementor-section-full_width elementor-reverse-tablet elementor-reverse-mobile elementor-section-height-default elementor-section-height-default\" data-id=\"6b408c3\" data-element_type=\"section\">\n\t\t\t\t\t\t<div class=\"elementor-container elementor-column-gap-default\">\n\t\t\t\t\t<div class=\"elementor-column elementor-col-50 elementor-top-column elementor-element elementor-element-073c7d3\" data-id=\"073c7d3\" data-element_type=\"column\">\n\t\t\t<div class=\"elementor-widget-wrap elementor-element-populated\">\n\t\t\t\t\t\t<div class=\"elementor-element elementor-element-f54015a elementor-widget elementor-widget-heading\" data-id=\"f54015a\" data-element_type=\"widget\" data-widget_type=\"heading.default\">\n\t\t\t\t<div class=\"elementor-widget-container\">\n\t\t\t<h2 class=\"elementor-heading-title elementor-size-default\">Branding &amp; Webdesign<\/h2>\t\t<\/div>\n\t\t\t\t<\/div>\n\t\t\t\t<div class=\"elementor-element elementor-element-f644cfb elementor-widget elementor-widget-text-editor\" data-id=\"f644cfb\" data-element_type=\"widget\" data-widget_type=\"text-editor.default\">\n\t\t\t\t<div class=\"elementor-widget-container\">\n\t\t\t\t\t\t\t<p class=\"p1\">Eine gute digitale Marketingstrategie beginnt mit einer starken und soliden Grundlage &#8211; mit einer herausragenden Unternehmensgeschichte und benutzerfreundlichem Webdesign. Deshalb sind Branding- und Webdesignprojekte so entscheidend, um erfolgreich zu sein. Hier kommen wir ins Spiel. Wir schaffen funktionales Branding, das von Zielgruppen verstanden und nachvollzogen wird.<\/p><p class=\"p1\">Gutes Marketing geht darum, eine Geschichte aufzubauen, mit der sich Menschen verbinden, weil die sie zum Besseren ver\u00e4ndert. Sie finden eine gewisse Identit\u00e4t, wenn sie sich mit Ihrer Geschichte besch\u00e4ftigen.<\/p>\t\t\t\t\t\t<\/div>\n\t\t\t\t<\/div>\n\t\t\t\t<div class=\"elementor-element elementor-element-30cf927 elementor-widget__width-auto elementor-widget elementor-widget-button\" data-id=\"30cf927\" data-element_type=\"widget\" data-widget_type=\"button.default\">\n\t\t\t\t<div class=\"elementor-widget-container\">\n\t\t\t\t\t\t\t<div class=\"elementor-button-wrapper\">\n\t\t\t\t\t<a class=\"elementor-button elementor-button-link elementor-size-sm\" href=\"https:\/\/nohproduction.eu\/de\/dienstleistungen\/webdesign\/\">\n\t\t\t\t\t\t<span class=\"elementor-button-content-wrapper\">\n\t\t\t\t\t\t<span class=\"elementor-button-icon\">\n\t\t\t\t<i aria-hidden=\"true\" class=\"fal fa-long-arrow-right\"><\/i>\t\t\t<\/span>\n\t\t\t\t\t\t\t\t\t<span class=\"elementor-button-text\">Mehr erfahren<\/span>\n\t\t\t\t\t<\/span>\n\t\t\t\t\t<\/a>\n\t\t\t\t<\/div>\n\t\t\t\t\t\t<\/div>\n\t\t\t\t<\/div>\n\t\t\t\t<div class=\"elementor-element elementor-element-205c51f elementor-widget__width-auto related-project-link elementor-widget-mobile__width-inherit elementor-widget elementor-widget-heading\" data-id=\"205c51f\" data-element_type=\"widget\" data-widget_type=\"heading.default\">\n\t\t\t\t<div class=\"elementor-widget-container\">\n\t\t\t<div class=\"elementor-heading-title elementor-size-default\"><a href=\"https:\/\/nohproduction.eu\/projects\/web-design\/\">SEHEN SIE NEUeSTE PROJEKTE<\/a><\/div>\t\t<\/div>\n\t\t\t\t<\/div>\n\t\t\t\t\t<\/div>\n\t\t<\/div>\n\t\t\t\t<div class=\"elementor-column elementor-col-50 elementor-top-column elementor-element elementor-element-de71bf2\" data-id=\"de71bf2\" data-element_type=\"column\">\n\t\t\t<div class=\"elementor-widget-wrap elementor-element-populated\">\n\t\t\t\t\t\t<div class=\"elementor-element elementor-element-d405559 elementor-widget elementor-widget-image\" data-id=\"d405559\" data-element_type=\"widget\" data-widget_type=\"image.default\">\n\t\t\t\t<div class=\"elementor-widget-container\">\n\t\t\t\t\t\t\t\t\t\t\t\t\t<img fetchpriority=\"high\" decoding=\"async\" width=\"640\" height=\"596\" src=\"https:\/\/nohproduction.eu\/wp-content\/uploads\/2020\/03\/featured-image-farm-1100x1024-1-1024x953.png\" class=\"attachment-large size-large wp-image-415\" alt=\"\" srcset=\"https:\/\/nohproduction.eu\/wp-content\/uploads\/2020\/03\/featured-image-farm-1100x1024-1-1024x953.png 1024w, https:\/\/nohproduction.eu\/wp-content\/uploads\/2020\/03\/featured-image-farm-1100x1024-1-300x279.png 300w, https:\/\/nohproduction.eu\/wp-content\/uploads\/2020\/03\/featured-image-farm-1100x1024-1-768x715.png 768w, https:\/\/nohproduction.eu\/wp-content\/uploads\/2020\/03\/featured-image-farm-1100x1024-1.png 1100w\" sizes=\"(max-width: 640px) 100vw, 640px\" \/>\t\t\t\t\t\t\t\t\t\t\t\t\t<\/div>\n\t\t\t\t<\/div>\n\t\t\t\t\t<\/div>\n\t\t<\/div>\n\t\t\t\t\t<\/div>\n\t\t<\/section>\n\t\t\t\t<section class=\"elementor-section elementor-top-section elementor-element elementor-element-bf9cf4c elementor-section-full_width elementor-section-height-default elementor-section-height-default\" data-id=\"bf9cf4c\" data-element_type=\"section\">\n\t\t\t\t\t\t<div class=\"elementor-container elementor-column-gap-default\">\n\t\t\t\t\t<div class=\"elementor-column elementor-col-50 elementor-top-column elementor-element elementor-element-fced2c3\" data-id=\"fced2c3\" data-element_type=\"column\">\n\t\t\t<div class=\"elementor-widget-wrap elementor-element-populated\">\n\t\t\t\t\t\t<div class=\"elementor-element elementor-element-e9573f1 elementor-widget elementor-widget-image\" data-id=\"e9573f1\" data-element_type=\"widget\" data-widget_type=\"image.default\">\n\t\t\t\t<div class=\"elementor-widget-container\">\n\t\t\t\t\t\t\t\t\t\t\t\t\t<img decoding=\"async\" width=\"640\" height=\"596\" src=\"https:\/\/nohproduction.eu\/wp-content\/uploads\/2022\/11\/featured-image-symbiosis-1024x953.png\" class=\"attachment-large size-large wp-image-1113\" alt=\"\" srcset=\"https:\/\/nohproduction.eu\/wp-content\/uploads\/2022\/11\/featured-image-symbiosis-1024x953.png 1024w, https:\/\/nohproduction.eu\/wp-content\/uploads\/2022\/11\/featured-image-symbiosis-300x279.png 300w, https:\/\/nohproduction.eu\/wp-content\/uploads\/2022\/11\/featured-image-symbiosis-768x715.png 768w, https:\/\/nohproduction.eu\/wp-content\/uploads\/2022\/11\/featured-image-symbiosis.png 1100w\" sizes=\"(max-width: 640px) 100vw, 640px\" \/>\t\t\t\t\t\t\t\t\t\t\t\t\t<\/div>\n\t\t\t\t<\/div>\n\t\t\t\t\t<\/div>\n\t\t<\/div>\n\t\t\t\t<div class=\"elementor-column elementor-col-50 elementor-top-column elementor-element elementor-element-07a61ea\" data-id=\"07a61ea\" data-element_type=\"column\">\n\t\t\t<div class=\"elementor-widget-wrap elementor-element-populated\">\n\t\t\t\t\t\t<div class=\"elementor-element elementor-element-f6196bf elementor-widget elementor-widget-heading\" data-id=\"f6196bf\" data-element_type=\"widget\" data-widget_type=\"heading.default\">\n\t\t\t\t<div class=\"elementor-widget-container\">\n\t\t\t<h2 class=\"elementor-heading-title elementor-size-default\">Soziale Medien Kommunikation &amp; Kreative Kampagnen<\/h2>\t\t<\/div>\n\t\t\t\t<\/div>\n\t\t\t\t<div class=\"elementor-element elementor-element-3228323 elementor-widget elementor-widget-text-editor\" data-id=\"3228323\" data-element_type=\"widget\" data-widget_type=\"text-editor.default\">\n\t\t\t\t<div class=\"elementor-widget-container\">\n\t\t\t\t\t\t\t<p class=\"p1\">Social-Media-Kampagnen folgen nicht den Regeln der traditionellen Werbung. Sie m\u00fcssen die Aufmerksamkeit des Betrachters in den ersten zwei Sekunden einfangen, engagieren, informieren, unterhalten, begeistern und beruhigen. Der Aufbau einer starken langfristigen Kommunikation hilft den Menschen zu entscheiden, ob sie bei Ihnen kaufen oder das Produkt des Wettbewerbers w\u00e4hlen.<\/p>\t\t\t\t\t\t<\/div>\n\t\t\t\t<\/div>\n\t\t\t\t<div class=\"elementor-element elementor-element-a574462 elementor-widget__width-auto elementor-widget elementor-widget-button\" data-id=\"a574462\" data-element_type=\"widget\" data-widget_type=\"button.default\">\n\t\t\t\t<div class=\"elementor-widget-container\">\n\t\t\t\t\t\t\t<div class=\"elementor-button-wrapper\">\n\t\t\t\t\t<a class=\"elementor-button elementor-button-link elementor-size-sm\" href=\"https:\/\/nohproduction.eu\/de\/dienstleistungen\/soziale-medien-kommunikation-kreative-kampagnen\/\">\n\t\t\t\t\t\t<span class=\"elementor-button-content-wrapper\">\n\t\t\t\t\t\t<span class=\"elementor-button-icon\">\n\t\t\t\t<i aria-hidden=\"true\" class=\"fal fa-long-arrow-right\"><\/i>\t\t\t<\/span>\n\t\t\t\t\t\t\t\t\t<span class=\"elementor-button-text\">Mehr erfahren<\/span>\n\t\t\t\t\t<\/span>\n\t\t\t\t\t<\/a>\n\t\t\t\t<\/div>\n\t\t\t\t\t\t<\/div>\n\t\t\t\t<\/div>\n\t\t\t\t<div class=\"elementor-element elementor-element-9229d2f elementor-widget__width-auto related-project-link elementor-widget-mobile__width-inherit elementor-widget elementor-widget-heading\" data-id=\"9229d2f\" data-element_type=\"widget\" data-widget_type=\"heading.default\">\n\t\t\t\t<div class=\"elementor-widget-container\">\n\t\t\t<div class=\"elementor-heading-title elementor-size-default\"><a href=\"https:\/\/nohproduction.eu\/projects\/branding\/\">SEHEN SIE NEUeSTE PROJEKTE<\/a><\/div>\t\t<\/div>\n\t\t\t\t<\/div>\n\t\t\t\t\t<\/div>\n\t\t<\/div>\n\t\t\t\t\t<\/div>\n\t\t<\/section>\n\t\t\t\t<section class=\"elementor-section elementor-top-section elementor-element elementor-element-32adc92 elementor-section-full_width elementor-reverse-tablet elementor-reverse-mobile elementor-section-height-default elementor-section-height-default\" data-id=\"32adc92\" data-element_type=\"section\">\n\t\t\t\t\t\t<div class=\"elementor-container elementor-column-gap-default\">\n\t\t\t\t\t<div class=\"elementor-column elementor-col-50 elementor-top-column elementor-element elementor-element-f5ffbc0\" data-id=\"f5ffbc0\" data-element_type=\"column\">\n\t\t\t<div class=\"elementor-widget-wrap elementor-element-populated\">\n\t\t\t\t\t\t<div class=\"elementor-element elementor-element-2dfbd88 elementor-widget elementor-widget-heading\" data-id=\"2dfbd88\" data-element_type=\"widget\" data-widget_type=\"heading.default\">\n\t\t\t\t<div class=\"elementor-widget-container\">\n\t\t\t<h2 class=\"elementor-heading-title elementor-size-default\">Bezahlte Werbung<\/h2>\t\t<\/div>\n\t\t\t\t<\/div>\n\t\t\t\t<div class=\"elementor-element elementor-element-369b876 elementor-widget elementor-widget-text-editor\" data-id=\"369b876\" data-element_type=\"widget\" data-widget_type=\"text-editor.default\">\n\t\t\t\t<div class=\"elementor-widget-container\">\n\t\t\t\t\t\t\t<p class=\"p1\">Wir haben seit 6 Jahren unseren Kunden die L\u00f6sungen f\u00fcr bezahlte Anzeigen angeboten. Dies ist unsere Kernkompetenz, die das Herz und die Seele f\u00fcr NOH Production gegeben hat und uns dahin gebracht hat, wo wir heute sind. Wir sind ein gesch\u00e4ftsorientiertes und datengesteuertes Team, das sich um das Wachstum unserer Kunden k\u00fcmmert, damit wir viele Jahre unseren Weg gemeinsam gehen k\u00f6nnen. Die Entwicklung digitaler Verkaufstrichter ist unsere Spezialit\u00e4t.<\/p>\t\t\t\t\t\t<\/div>\n\t\t\t\t<\/div>\n\t\t\t\t<div class=\"elementor-element elementor-element-c826cc3 elementor-widget__width-auto elementor-widget elementor-widget-button\" data-id=\"c826cc3\" data-element_type=\"widget\" data-widget_type=\"button.default\">\n\t\t\t\t<div class=\"elementor-widget-container\">\n\t\t\t\t\t\t\t<div class=\"elementor-button-wrapper\">\n\t\t\t\t\t<a class=\"elementor-button elementor-button-link elementor-size-sm\" href=\"https:\/\/nohproduction.eu\/de\/dienstleistungen\/bezahlte-werbung\/\">\n\t\t\t\t\t\t<span class=\"elementor-button-content-wrapper\">\n\t\t\t\t\t\t<span class=\"elementor-button-icon\">\n\t\t\t\t<i aria-hidden=\"true\" class=\"fal fa-long-arrow-right\"><\/i>\t\t\t<\/span>\n\t\t\t\t\t\t\t\t\t<span class=\"elementor-button-text\">Mehr erfahren<\/span>\n\t\t\t\t\t<\/span>\n\t\t\t\t\t<\/a>\n\t\t\t\t<\/div>\n\t\t\t\t\t\t<\/div>\n\t\t\t\t<\/div>\n\t\t\t\t<div class=\"elementor-element elementor-element-5eae3db elementor-widget__width-auto related-project-link elementor-widget-mobile__width-inherit elementor-widget elementor-widget-heading\" data-id=\"5eae3db\" data-element_type=\"widget\" data-widget_type=\"heading.default\">\n\t\t\t\t<div class=\"elementor-widget-container\">\n\t\t\t<div class=\"elementor-heading-title elementor-size-default\"><a href=\"https:\/\/nohproduction.eu\/projects\/social-media\/\">SEHEN SIE NEUeSTE PROJEKTE<\/a><\/div>\t\t<\/div>\n\t\t\t\t<\/div>\n\t\t\t\t\t<\/div>\n\t\t<\/div>\n\t\t\t\t<div class=\"elementor-column elementor-col-50 elementor-top-column elementor-element elementor-element-b50270c\" data-id=\"b50270c\" data-element_type=\"column\">\n\t\t\t<div class=\"elementor-widget-wrap elementor-element-populated\">\n\t\t\t\t\t\t<div class=\"elementor-element elementor-element-0d78f03 elementor-widget elementor-widget-image\" data-id=\"0d78f03\" data-element_type=\"widget\" data-widget_type=\"image.default\">\n\t\t\t\t<div class=\"elementor-widget-container\">\n\t\t\t\t\t\t\t\t\t\t\t\t\t<img decoding=\"async\" width=\"640\" height=\"596\" src=\"https:\/\/nohproduction.eu\/wp-content\/uploads\/2022\/11\/featured-image-B3-biennial_-1024x953.png\" class=\"attachment-large size-large wp-image-1114\" alt=\"\" srcset=\"https:\/\/nohproduction.eu\/wp-content\/uploads\/2022\/11\/featured-image-B3-biennial_-1024x953.png 1024w, https:\/\/nohproduction.eu\/wp-content\/uploads\/2022\/11\/featured-image-B3-biennial_-300x279.png 300w, https:\/\/nohproduction.eu\/wp-content\/uploads\/2022\/11\/featured-image-B3-biennial_-768x715.png 768w, https:\/\/nohproduction.eu\/wp-content\/uploads\/2022\/11\/featured-image-B3-biennial_.png 1100w\" sizes=\"(max-width: 640px) 100vw, 640px\" \/>\t\t\t\t\t\t\t\t\t\t\t\t\t<\/div>\n\t\t\t\t<\/div>\n\t\t\t\t\t<\/div>\n\t\t<\/div>\n\t\t\t\t\t<\/div>\n\t\t<\/section>\n\t\t\t\t<section class=\"elementor-section elementor-top-section elementor-element elementor-element-8ceec2c elementor-section-full_width elementor-section-height-default elementor-section-height-default\" data-id=\"8ceec2c\" data-element_type=\"section\">\n\t\t\t\t\t\t<div class=\"elementor-container elementor-column-gap-default\">\n\t\t\t\t\t<div class=\"elementor-column elementor-col-100 elementor-top-column elementor-element elementor-element-c3e946a\" data-id=\"c3e946a\" data-element_type=\"column\">\n\t\t\t<div class=\"elementor-widget-wrap elementor-element-populated\">\n\t\t\t\t\t\t<div class=\"elementor-element elementor-element-3fde628 elementor-widget elementor-widget-spacer\" data-id=\"3fde628\" data-element_type=\"widget\" data-widget_type=\"spacer.default\">\n\t\t\t\t<div class=\"elementor-widget-container\">\n\t\t\t\t\t<div class=\"elementor-spacer\">\n\t\t\t<div class=\"elementor-spacer-inner\"><\/div>\n\t\t<\/div>\n\t\t\t\t<\/div>\n\t\t\t\t<\/div>\n\t\t\t\t\t<\/div>\n\t\t<\/div>\n\t\t\t\t\t<\/div>\n\t\t<\/section>\n\t\t\t\t<\/div>\n\t\t","protected":false},"excerpt":{"rendered":"<p>Dienstleistungen Branding &amp; Webdesign Eine gute digitale Marketingstrategie beginnt mit einer starken und soliden Grundlage &#8211; mit einer herausragenden Unternehmensgeschichte und benutzerfreundlichem Webdesign. Deshalb sind Branding- und Webdesignprojekte so entscheidend, um erfolgreich zu sein. Hier kommen wir ins Spiel. Wir schaffen funktionales Branding, das von Zielgruppen verstanden und nachvollzogen wird. Gutes Marketing geht darum, eine [&hellip;]<\/p>\n","protected":false},"author":2,"featured_media":0,"parent":0,"menu_order":0,"comment_status":"closed","ping_status":"closed","template":"elementor_header_footer","meta":{"footnotes":""},"class_list":["post-1663","page","type-page","status-publish","hentry"],"acf":[],"yoast_head":"<!-- This site is optimized with the Yoast SEO plugin v23.7 - https:\/\/yoast.com\/wordpress\/plugins\/seo\/ -->\n<title>Marketing Dienstleistungen &#8211; NOH Production<\/title>\n<meta name=\"description\" content=\"NOH Production provides marketing services that bring our customers real and monetizable results through digital and retail campaigns.\" \/>\n<meta name=\"robots\" content=\"index, nofollow, max-snippet:-1, max-image-preview:large, max-video-preview:-1\" \/>\n<link rel=\"canonical\" href=\"https:\/\/nohproduction.eu\/de\/dienstleistungen\/\" \/>\n<meta property=\"og:locale\" content=\"de_DE\" \/>\n<meta property=\"og:type\" content=\"article\" \/>\n<meta property=\"og:title\" content=\"Marketing Dienstleistungen &#8211; NOH Production\" \/>\n<meta property=\"og:description\" content=\"NOH Production provides marketing services that bring our customers real and monetizable results through digital and retail campaigns.\" \/>\n<meta property=\"og:url\" content=\"https:\/\/nohproduction.eu\/de\/dienstleistungen\/\" \/>\n<meta property=\"og:site_name\" content=\"NOH Production\" \/>\n<meta property=\"article:publisher\" content=\"https:\/\/www.facebook.com\/nohnii\" \/>\n<meta property=\"article:modified_time\" content=\"2023-10-07T14:21:01+00:00\" \/>\n<meta property=\"og:image\" content=\"https:\/\/nohproduction.eu\/wp-content\/uploads\/2020\/03\/featured-image-farm-1100x1024-1-1024x953.png\" \/>\n<meta name=\"twitter:card\" content=\"summary_large_image\" \/>\n<meta name=\"twitter:label1\" content=\"Gesch\u00e4tzte Lesezeit\" \/>\n\t<meta name=\"twitter:data1\" content=\"2\u00a0Minuten\" \/>\n<script type=\"application\/ld+json\" class=\"yoast-schema-graph\">{\"@context\":\"https:\/\/schema.org\",\"@graph\":[{\"@type\":\"WebPage\",\"@id\":\"https:\/\/nohproduction.eu\/de\/dienstleistungen\/\",\"url\":\"https:\/\/nohproduction.eu\/de\/dienstleistungen\/\",\"name\":\"Marketing Dienstleistungen &#8211; NOH Production\",\"isPartOf\":{\"@id\":\"https:\/\/nohproduction.eu\/#website\"},\"primaryImageOfPage\":{\"@id\":\"https:\/\/nohproduction.eu\/de\/dienstleistungen\/#primaryimage\"},\"image\":{\"@id\":\"https:\/\/nohproduction.eu\/de\/dienstleistungen\/#primaryimage\"},\"thumbnailUrl\":\"https:\/\/nohproduction.eu\/wp-content\/uploads\/2020\/03\/featured-image-farm-1100x1024-1-1024x953.png\",\"datePublished\":\"2022-10-10T23:29:19+00:00\",\"dateModified\":\"2023-10-07T14:21:01+00:00\",\"description\":\"NOH Production provides marketing services that bring our customers real and monetizable results through digital and retail campaigns.\",\"breadcrumb\":{\"@id\":\"https:\/\/nohproduction.eu\/de\/dienstleistungen\/#breadcrumb\"},\"inLanguage\":\"de\",\"potentialAction\":[{\"@type\":\"ReadAction\",\"target\":[\"https:\/\/nohproduction.eu\/de\/dienstleistungen\/\"]}]},{\"@type\":\"ImageObject\",\"inLanguage\":\"de\",\"@id\":\"https:\/\/nohproduction.eu\/de\/dienstleistungen\/#primaryimage\",\"url\":\"https:\/\/nohproduction.eu\/wp-content\/uploads\/2020\/03\/featured-image-farm-1100x1024-1-1024x953.png\",\"contentUrl\":\"https:\/\/nohproduction.eu\/wp-content\/uploads\/2020\/03\/featured-image-farm-1100x1024-1-1024x953.png\"},{\"@type\":\"BreadcrumbList\",\"@id\":\"https:\/\/nohproduction.eu\/de\/dienstleistungen\/#breadcrumb\",\"itemListElement\":[{\"@type\":\"ListItem\",\"position\":1,\"name\":\"Home\",\"item\":\"https:\/\/nohproduction.eu\/de\/\"},{\"@type\":\"ListItem\",\"position\":2,\"name\":\"Dienstleistungen\"}]},{\"@type\":\"WebSite\",\"@id\":\"https:\/\/nohproduction.eu\/#website\",\"url\":\"https:\/\/nohproduction.eu\/\",\"name\":\"NOH Production\",\"description\":\"Creative Digital Agency\",\"publisher\":{\"@id\":\"https:\/\/nohproduction.eu\/#organization\"},\"potentialAction\":[{\"@type\":\"SearchAction\",\"target\":{\"@type\":\"EntryPoint\",\"urlTemplate\":\"https:\/\/nohproduction.eu\/?s={search_term_string}\"},\"query-input\":{\"@type\":\"PropertyValueSpecification\",\"valueRequired\":true,\"valueName\":\"search_term_string\"}}],\"inLanguage\":\"de\"},{\"@type\":\"Organization\",\"@id\":\"https:\/\/nohproduction.eu\/#organization\",\"name\":\"NOH Production O\u00dc\",\"url\":\"https:\/\/nohproduction.eu\/\",\"logo\":{\"@type\":\"ImageObject\",\"inLanguage\":\"de\",\"@id\":\"https:\/\/nohproduction.eu\/#\/schema\/logo\/image\/\",\"url\":\"https:\/\/nohproduction.eu\/wp-content\/uploads\/2022\/07\/NOH-logo-no-bg.png\",\"contentUrl\":\"https:\/\/nohproduction.eu\/wp-content\/uploads\/2022\/07\/NOH-logo-no-bg.png\",\"width\":1001,\"height\":1001,\"caption\":\"NOH Production O\u00dc\"},\"image\":{\"@id\":\"https:\/\/nohproduction.eu\/#\/schema\/logo\/image\/\"},\"sameAs\":[\"https:\/\/www.facebook.com\/nohnii\",\"https:\/\/www.instagram.com\/marketing_in_socialmedia\/\",\"https:\/\/www.linkedin.com\/company\/noh-production\"]}]}<\/script>\n<!-- \/ Yoast SEO plugin. -->","yoast_head_json":{"title":"Marketing Dienstleistungen &#8211; NOH Production","description":"NOH Production provides marketing services that bring our customers real and monetizable results through digital and retail campaigns.","robots":{"index":"index","follow":"nofollow","max-snippet":"max-snippet:-1","max-image-preview":"max-image-preview:large","max-video-preview":"max-video-preview:-1"},"canonical":"https:\/\/nohproduction.eu\/de\/dienstleistungen\/","og_locale":"de_DE","og_type":"article","og_title":"Marketing Dienstleistungen &#8211; NOH Production","og_description":"NOH Production provides marketing services that bring our customers real and monetizable results through digital and retail campaigns.","og_url":"https:\/\/nohproduction.eu\/de\/dienstleistungen\/","og_site_name":"NOH Production","article_publisher":"https:\/\/www.facebook.com\/nohnii","article_modified_time":"2023-10-07T14:21:01+00:00","og_image":[{"url":"https:\/\/nohproduction.eu\/wp-content\/uploads\/2020\/03\/featured-image-farm-1100x1024-1-1024x953.png"}],"twitter_card":"summary_large_image","twitter_misc":{"Gesch\u00e4tzte Lesezeit":"2\u00a0Minuten"},"schema":{"@context":"https:\/\/schema.org","@graph":[{"@type":"WebPage","@id":"https:\/\/nohproduction.eu\/de\/dienstleistungen\/","url":"https:\/\/nohproduction.eu\/de\/dienstleistungen\/","name":"Marketing Dienstleistungen &#8211; NOH Production","isPartOf":{"@id":"https:\/\/nohproduction.eu\/#website"},"primaryImageOfPage":{"@id":"https:\/\/nohproduction.eu\/de\/dienstleistungen\/#primaryimage"},"image":{"@id":"https:\/\/nohproduction.eu\/de\/dienstleistungen\/#primaryimage"},"thumbnailUrl":"https:\/\/nohproduction.eu\/wp-content\/uploads\/2020\/03\/featured-image-farm-1100x1024-1-1024x953.png","datePublished":"2022-10-10T23:29:19+00:00","dateModified":"2023-10-07T14:21:01+00:00","description":"NOH Production provides marketing services that bring our customers real and monetizable results through digital and retail campaigns.","breadcrumb":{"@id":"https:\/\/nohproduction.eu\/de\/dienstleistungen\/#breadcrumb"},"inLanguage":"de","potentialAction":[{"@type":"ReadAction","target":["https:\/\/nohproduction.eu\/de\/dienstleistungen\/"]}]},{"@type":"ImageObject","inLanguage":"de","@id":"https:\/\/nohproduction.eu\/de\/dienstleistungen\/#primaryimage","url":"https:\/\/nohproduction.eu\/wp-content\/uploads\/2020\/03\/featured-image-farm-1100x1024-1-1024x953.png","contentUrl":"https:\/\/nohproduction.eu\/wp-content\/uploads\/2020\/03\/featured-image-farm-1100x1024-1-1024x953.png"},{"@type":"BreadcrumbList","@id":"https:\/\/nohproduction.eu\/de\/dienstleistungen\/#breadcrumb","itemListElement":[{"@type":"ListItem","position":1,"name":"Home","item":"https:\/\/nohproduction.eu\/de\/"},{"@type":"ListItem","position":2,"name":"Dienstleistungen"}]},{"@type":"WebSite","@id":"https:\/\/nohproduction.eu\/#website","url":"https:\/\/nohproduction.eu\/","name":"NOH Production","description":"Creative Digital Agency","publisher":{"@id":"https:\/\/nohproduction.eu\/#organization"},"potentialAction":[{"@type":"SearchAction","target":{"@type":"EntryPoint","urlTemplate":"https:\/\/nohproduction.eu\/?s={search_term_string}"},"query-input":{"@type":"PropertyValueSpecification","valueRequired":true,"valueName":"search_term_string"}}],"inLanguage":"de"},{"@type":"Organization","@id":"https:\/\/nohproduction.eu\/#organization","name":"NOH Production O\u00dc","url":"https:\/\/nohproduction.eu\/","logo":{"@type":"ImageObject","inLanguage":"de","@id":"https:\/\/nohproduction.eu\/#\/schema\/logo\/image\/","url":"https:\/\/nohproduction.eu\/wp-content\/uploads\/2022\/07\/NOH-logo-no-bg.png","contentUrl":"https:\/\/nohproduction.eu\/wp-content\/uploads\/2022\/07\/NOH-logo-no-bg.png","width":1001,"height":1001,"caption":"NOH Production O\u00dc"},"image":{"@id":"https:\/\/nohproduction.eu\/#\/schema\/logo\/image\/"},"sameAs":["https:\/\/www.facebook.com\/nohnii","https:\/\/www.instagram.com\/marketing_in_socialmedia\/","https:\/\/www.linkedin.com\/company\/noh-production"]}]}},"_links":{"self":[{"href":"https:\/\/nohproduction.eu\/de\/wp-json\/wp\/v2\/pages\/1663","targetHints":{"allow":["GET"]}}],"collection":[{"href":"https:\/\/nohproduction.eu\/de\/wp-json\/wp\/v2\/pages"}],"about":[{"href":"https:\/\/nohproduction.eu\/de\/wp-json\/wp\/v2\/types\/page"}],"author":[{"embeddable":true,"href":"https:\/\/nohproduction.eu\/de\/wp-json\/wp\/v2\/users\/2"}],"replies":[{"embeddable":true,"href":"https:\/\/nohproduction.eu\/de\/wp-json\/wp\/v2\/comments?post=1663"}],"version-history":[{"count":15,"href":"https:\/\/nohproduction.eu\/de\/wp-json\/wp\/v2\/pages\/1663\/revisions"}],"predecessor-version":[{"id":1732,"href":"https:\/\/nohproduction.eu\/de\/wp-json\/wp\/v2\/pages\/1663\/revisions\/1732"}],"wp:attachment":[{"href":"https:\/\/nohproduction.eu\/de\/wp-json\/wp\/v2\/media?parent=1663"}],"curies":[{"name":"wp","href":"https:\/\/api.w.org\/{rel}","templated":true}]}}